{"id":13,"date":"2026-04-13T00:45:21","date_gmt":"2026-04-12T22:45:21","guid":{"rendered":"https:\/\/karibstyle.fr\/?page_id=13"},"modified":"2026-04-13T21:11:32","modified_gmt":"2026-04-13T19:11:32","slug":"accueil","status":"publish","type":"page","link":"https:\/\/karibstyle.fr\/","title":{"rendered":"Accueil"},"content":{"rendered":"\t\t<div data-elementor-type=\"wp-page\" data-elementor-id=\"13\" class=\"elementor elementor-13\" data-elementor-post-type=\"page\">\n\t\t\t\t<div class=\"elementor-element elementor-element-009d769 e-flex e-con-boxed e-con e-parent\" data-id=\"009d769\" data-element_type=\"container\" data-e-type=\"container\" data-settings=\"{&quot;background_background&quot;:&quot;classic&quot;}\">\n\t\t\t\t\t<div class=\"e-con-inner\">\n\t\t\t\t<div class=\"elementor-element elementor-element-a35bc99 elementor-widget elementor-widget-html\" data-id=\"a35bc99\" data-element_type=\"widget\" data-e-type=\"widget\" data-widget_type=\"html.default\">\n\t\t\t\t\t<div class=\"pmh-badge\">\r\n  <span class=\"pmh-dot\"><\/span>\r\n  <span>Hippodrome Saint-Jacques \u00b7 Anse-Bertrand \u00b7 Guadeloupe<\/span>\r\n  <span class=\"pmh-dot\"><\/span>\r\n<\/div>\r\n<h1>Vivez la course,<br>vivez <em>Karukera<\/em><\/h1>\r\n<p style=\"font-size:16px;color:#c0d4c8;letter-spacing:2px;font-weight:400;margin-bottom:38px\">Courses PMH \u00b7 Affili\u00e9 France Galop \u00b7 Pari Mutuel Hippodrome<\/p>\r\n<div class=\"pmh-btn-row\">\r\n  <a href=\"\/programme\" class=\"pmh-btn-gold\">Programme des courses \u2192<\/a>\r\n  <a href=\"\/paris\" class=\"pmh-btn-outline\">Comment parier ?<\/a>\r\n<\/div>\t\t\t\t<\/div>\n\t\t\t\t\t<\/div>\n\t\t\t\t<\/div>\n\t\t<div class=\"elementor-element elementor-element-2a19df6 e-flex e-con-boxed e-con e-parent\" data-id=\"2a19df6\" data-element_type=\"container\" data-e-type=\"container\">\n\t\t\t\t\t<div class=\"e-con-inner\">\n\t\t<div class=\"elementor-element elementor-element-77515e6 e-con-full e-flex e-con e-child\" data-id=\"77515e6\" data-element_type=\"container\" data-e-type=\"container\">\n\t\t\t\t<div class=\"elementor-element elementor-element-543e3d9 elementor-widget__width-initial elementor-widget elementor-widget-shortcode\" data-id=\"543e3d9\" data-element_type=\"widget\" data-e-type=\"widget\" data-widget_type=\"shortcode.default\">\n\t\t\t\t\t\t\t<div class=\"elementor-shortcode\">  <div class=\"pmh-countdown\">\n    <div>\n      <span class=\"pmh-cd-label\">Prochaine r\u00e9union<\/span>\n      <div class=\"pmh-cd-date\">Dimanche 3 Mai 2026<\/div>\n    <\/div>\n    <div class=\"pmh-cd-sep\"><\/div>\n    <div>\n      <span class=\"pmh-cd-label\">Compte \u00e0 rebours<\/span>\n      <div class=\"pmh-cd-blocks\">\n        <div class=\"pmh-cd-block\"><span class=\"pmh-cd-num\" id=\"pmhj\">--<\/span><span class=\"pmh-cd-unit\">Jours<\/span><\/div>\n        <div class=\"pmh-cd-block\"><span class=\"pmh-cd-num\" id=\"pmhh\">--<\/span><span class=\"pmh-cd-unit\">Heures<\/span><\/div>\n        <div class=\"pmh-cd-block\"><span class=\"pmh-cd-num\" id=\"pmhm\">--<\/span><span class=\"pmh-cd-unit\">Min<\/span><\/div>\n        <div class=\"pmh-cd-block\"><span class=\"pmh-cd-num\" id=\"pmhs\">--<\/span><span class=\"pmh-cd-unit\">Sec<\/span><\/div>\n      <\/div>\n    <\/div>\n  <\/div>\n  <script>\n  (function(){\n    var t=new Date(\"2026-05-03T12:00:00\");\n    function p(n){return String(n).padStart(2,'0');}\n    function tick(){\n      var d=Math.max(0,t-new Date());\n      var j=Math.floor(d\/86400000);d-=j*86400000;\n      var h=Math.floor(d\/3600000);d-=h*3600000;\n      var m=Math.floor(d\/60000);d-=m*60000;\n      var s=Math.floor(d\/1000);\n      document.getElementById('pmhj').textContent=p(j);\n      document.getElementById('pmhh').textContent=p(h);\n      document.getElementById('pmhm').textContent=p(m);\n      document.getElementById('pmhs').textContent=p(s);\n    }\n    tick();setInterval(tick,1000);\n  })();\n  <\/script>\n  <\/div>\n\t\t\t\t\t\t<\/div>\n\t\t\t\t<\/div>\n\t\t<div class=\"elementor-element elementor-element-3c86842 e-con-full e-flex e-con e-child\" data-id=\"3c86842\" data-element_type=\"container\" data-e-type=\"container\">\n\t\t\t\t<div class=\"elementor-element elementor-element-2bbcf99 elementor-widget elementor-widget-shortcode\" data-id=\"2bbcf99\" data-element_type=\"widget\" data-e-type=\"widget\" data-widget_type=\"shortcode.default\">\n\t\t\t\t\t\t\t<div class=\"elementor-shortcode\">  <div class=\"pmh-meteo\" id=\"pmh-meteo\"><div class=\"pmh-meteo-loading\">Chargement m\u00e9t\u00e9o\u2026<\/div><\/div>\n  <script>\n  (function(){\n    var u='https:\/\/api.open-meteo.com\/v1\/forecast?latitude=16.47&longitude=-61.50&current=temperature_2m,relative_humidity_2m,wind_speed_10m,weather_code&daily=weather_code,temperature_2m_max&timezone=America%2FGuadeloupe&forecast_days=4';\n    var IC={0:'\u2600\ufe0f',1:'\ud83c\udf24\ufe0f',2:'\u26c5',3:'\u2601\ufe0f',45:'\ud83c\udf2b\ufe0f',51:'\ud83c\udf26\ufe0f',53:'\ud83c\udf26\ufe0f',55:'\ud83c\udf27\ufe0f',61:'\ud83c\udf27\ufe0f',63:'\ud83c\udf27\ufe0f',65:'\ud83c\udf27\ufe0f',80:'\ud83c\udf26\ufe0f',81:'\ud83c\udf27\ufe0f',82:'\u26c8\ufe0f',95:'\u26c8\ufe0f',99:'\u26c8\ufe0f'};\n    var LB={0:'Ensoleill\u00e9',1:'L\u00e9g\u00e8rement nuageux',2:'Partiellement nuageux',3:'Couvert',45:'Brumeux',51:'Bruine l\u00e9g\u00e8re',61:'Pluie l\u00e9g\u00e8re',63:'Pluie',80:'Averses',95:'Orage'};\n    var JR=['Dim','Lun','Mar','Mer','Jeu','Ven','Sam'];\n    fetch(u).then(function(r){return r.json();}).then(function(d){\n      var c=d.current,dy=d.daily;\n      var temp=Math.round(c.temperature_2m);\n      var ic=IC[c.weather_code]||'\ud83c\udf21\ufe0f';\n      var lb=LB[c.weather_code]||'Variable';\n      var prev='';\n      for(var i=1;i<=3;i++){\n        var dt=new Date(dy.time[i]+'T12:00:00');\n        prev+='<div class=\"pmh-meteo-day\"><div class=\"pmh-meteo-day-name\">'+JR[dt.getDay()]+'<\/div><span class=\"pmh-meteo-day-icon\">'+(IC[dy.weather_code[i]]||'\ud83c\udf21\ufe0f')+'<\/span><div class=\"pmh-meteo-day-temp\">'+Math.round(dy.temperature_2m_max[i])+'\u00b0<\/div><\/div>';\n      }\n      document.getElementById('pmh-meteo').innerHTML=\n        '<div style=\"display:flex;align-items:center;gap:20px\">'+\n        '<div class=\"pmh-meteo-icon\">'+ic+'<\/div>'+\n        '<div><div class=\"pmh-meteo-location\">Anse-Bertrand \u00b7 Guadeloupe<\/div>'+\n        '<div class=\"pmh-meteo-temp\">'+temp+'<span class=\"pmh-meteo-unit\">\u00b0C<\/span><\/div>'+\n        '<div class=\"pmh-meteo-desc\">'+lb+'<\/div><\/div><\/div>'+\n        '<div class=\"pmh-meteo-details\">'+\n        '<div class=\"pmh-meteo-row\">\ud83d\udca7 Humidit\u00e9 &nbsp;<span class=\"val\">'+c.relative_humidity_2m+'%<\/span><\/div>'+\n        '<div class=\"pmh-meteo-row\">\ud83d\udca8 Vent &nbsp;<span class=\"val\">'+Math.round(c.wind_speed_10m)+' km\/h<\/span><\/div>'+\n        '<\/div>'+\n        '<div class=\"pmh-meteo-forecast\">'+prev+'<\/div>';\n    }).catch(function(){\n      document.getElementById('pmh-meteo').innerHTML='<div class=\"pmh-meteo-error\">\u26a0\ufe0f M\u00e9t\u00e9o indisponible<\/div>';\n    });\n  })();\n  <\/script>\n  <\/div>\n\t\t\t\t\t\t<\/div>\n\t\t\t\t<\/div>\n\t\t\t\t\t<\/div>\n\t\t\t\t<\/div>\n\t\t<div class=\"elementor-element elementor-element-51d7126 e-flex e-con-boxed e-con e-parent\" data-id=\"51d7126\" data-element_type=\"container\" data-e-type=\"container\">\n\t\t\t\t\t<div class=\"e-con-inner\">\n\t\t<div class=\"elementor-element elementor-element-952a7d6 e-con-full e-flex e-con e-child\" data-id=\"952a7d6\" data-element_type=\"container\" data-e-type=\"container\">\n\t\t\t\t<div class=\"elementor-element elementor-element-0b2896d elementor-widget elementor-widget-html\" data-id=\"0b2896d\" data-element_type=\"widget\" data-e-type=\"widget\" data-widget_type=\"html.default\">\n\t\t\t\t\t<h2 style=\"font-size:48px;margin-bottom:24px\">Parier \u00e0 <em>Karukera<\/em><\/h2>\r\n<p style=\"color:#c0d4c8;font-size:16px;line-height:1.9;margin-bottom:32px\">\r\nL'hippodrome Karukera est officiellement homologu\u00e9 PMH et affili\u00e9 \u00e0 France Galop. Vos paris sont enregistr\u00e9s sur le r\u00e9seau PMU national \u2014 les m\u00eames chances de gain qu'\u00e0 Longchamp ou Chantilly, depuis Anse-Bertrand.\r\n<\/p>\r\n<a href=\"https:\/\/www.pmu.fr\" target=\"_blank\" class=\"pmh-btn-gold\">Parier sur PMU.fr \u2192<\/a>\t\t\t\t<\/div>\n\t\t\t\t<\/div>\n\t\t<div class=\"elementor-element elementor-element-aabfd14 e-con-full e-flex e-con e-child\" data-id=\"aabfd14\" data-element_type=\"container\" data-e-type=\"container\">\n\t\t\t\t<div class=\"elementor-element elementor-element-5c3001c elementor-widget elementor-widget-html\" data-id=\"5c3001c\" data-element_type=\"widget\" data-e-type=\"widget\" data-widget_type=\"html.default\">\n\t\t\t\t\t<div style=\"display:grid;grid-template-columns:1fr 1fr;gap:12px\">\r\n  <div class=\"pmh-pari-card\">\r\n    <div class=\"pmh-pari-name\">Tierc\u00e9<\/div>\r\n    <div class=\"pmh-pari-desc\">Les 3 premiers dans l'ordre ou le d\u00e9sordre<\/div>\r\n  <\/div>\r\n  <div class=\"pmh-pari-card\">\r\n    <div class=\"pmh-pari-name\">Quart\u00e9+<\/div>\r\n    <div class=\"pmh-pari-desc\">Les 4 premiers chevaux de la course<\/div>\r\n  <\/div>\r\n  <div class=\"pmh-pari-card\">\r\n    <div class=\"pmh-pari-name\">Quint\u00e9+<\/div>\r\n    <div class=\"pmh-pari-desc\">Les 5 premiers \u00b7 Jackpot progressif<\/div>\r\n  <\/div>\r\n  <div class=\"pmh-pari-card\">\r\n    <div class=\"pmh-pari-name\">Simple Gagnant<\/div>\r\n    <div class=\"pmh-pari-desc\">Votre cheval arrive 1er \u00b7 Id\u00e9al pour d\u00e9buter<\/div>\r\n  <\/div>\r\n  <div class=\"pmh-pari-card\">\r\n    <div class=\"pmh-pari-name\">Simple Plac\u00e9<\/div>\r\n    <div class=\"pmh-pari-desc\">Dans les 3 premiers \u00b7 Plus de chances<\/div>\r\n  <\/div>\r\n  <div class=\"pmh-pari-card\">\r\n    <div class=\"pmh-pari-name\">Coupl\u00e9<\/div>\r\n    <div class=\"pmh-pari-desc\">2 chevaux dans les 2 premi\u00e8res places<\/div>\r\n  <\/div>\r\n<\/div>\t\t\t\t<\/div>\n\t\t\t\t<\/div>\n\t\t\t\t\t<\/div>\n\t\t\t\t<\/div>\n\t\t<div class=\"elementor-element elementor-element-1e721ed e-flex e-con-boxed e-con e-parent\" data-id=\"1e721ed\" data-element_type=\"container\" data-e-type=\"container\">\n\t\t\t\t\t<div class=\"e-con-inner\">\n\t\t\t\t<div class=\"elementor-element elementor-element-71377fc elementor-widget-divider--view-line elementor-widget elementor-widget-divider\" data-id=\"71377fc\" data-element_type=\"widget\" data-e-type=\"widget\" data-widget_type=\"divider.default\">\n\t\t\t\t\t\t\t<div class=\"elementor-divider\">\n\t\t\t<span class=\"elementor-divider-separator\">\n\t\t\t\t\t\t<\/span>\n\t\t<\/div>\n\t\t\t\t\t\t<\/div>\n\t\t\t\t\t<\/div>\n\t\t\t\t<\/div>\n\t\t<div class=\"elementor-element elementor-element-78b303e e-flex e-con-boxed e-con e-parent\" data-id=\"78b303e\" data-element_type=\"container\" data-e-type=\"container\">\n\t\t\t\t\t<div class=\"e-con-inner\">\n\t\t\t\t<div class=\"elementor-element elementor-element-1742726 elementor-grid-3 elementor-grid-tablet-2 elementor-grid-mobile-1 elementor-posts--thumbnail-top elementor-posts--show-avatar elementor-card-shadow-yes elementor-posts__hover-gradient elementor-widget elementor-widget-posts\" data-id=\"1742726\" data-element_type=\"widget\" data-e-type=\"widget\" data-settings=\"{&quot;cards_columns&quot;:&quot;3&quot;,&quot;cards_columns_tablet&quot;:&quot;2&quot;,&quot;cards_columns_mobile&quot;:&quot;1&quot;,&quot;cards_row_gap&quot;:{&quot;unit&quot;:&quot;px&quot;,&quot;size&quot;:35,&quot;sizes&quot;:[]},&quot;cards_row_gap_tablet&quot;:{&quot;unit&quot;:&quot;px&quot;,&quot;size&quot;:&quot;&quot;,&quot;sizes&quot;:[]},&quot;cards_row_gap_mobile&quot;:{&quot;unit&quot;:&quot;px&quot;,&quot;size&quot;:&quot;&quot;,&quot;sizes&quot;:[]}}\" data-widget_type=\"posts.cards\">\n\t\t\t\t<div class=\"elementor-widget-container\">\n\t\t\t\t\t\t\t<div class=\"elementor-posts-container elementor-posts elementor-posts--skin-cards elementor-grid\" role=\"list\">\n\t\t\t\t<article class=\"elementor-post elementor-grid-item post-1 post type-post status-publish format-standard has-post-thumbnail hentry category-non-classe\" role=\"listitem\">\n\t\t\t<div class=\"elementor-post__card\">\n\t\t\t\t<a class=\"elementor-post__thumbnail__link\" href=\"https:\/\/karibstyle.fr\/?p=1\" tabindex=\"-1\" ><div class=\"elementor-post__thumbnail\"><img fetchpriority=\"high\" decoding=\"async\" width=\"768\" height=\"1089\" src=\"https:\/\/karibstyle.fr\/wp-content\/uploads\/2026\/04\/Ev-1-768x1089.jpeg\" class=\"attachment-medium_large size-medium_large wp-image-114\" alt=\"\" srcset=\"https:\/\/karibstyle.fr\/wp-content\/uploads\/2026\/04\/Ev-1-768x1089.jpeg 768w, https:\/\/karibstyle.fr\/wp-content\/uploads\/2026\/04\/Ev-1-212x300.jpeg 212w, https:\/\/karibstyle.fr\/wp-content\/uploads\/2026\/04\/Ev-1-722x1024.jpeg 722w, https:\/\/karibstyle.fr\/wp-content\/uploads\/2026\/04\/Ev-1.jpeg 903w\" sizes=\"(max-width: 768px) 100vw, 768px\" \/><\/div><\/a>\n\t\t\t\t<div class=\"elementor-post__badge\">Non class\u00e9<\/div>\n\t\t\t\t<div class=\"elementor-post__avatar\">\n\t\t\t<img alt='technokaraib@outlook.fr' src='https:\/\/secure.gravatar.com\/avatar\/7e6078c1973b83dc5e6fb39412b3c82e3652df9fcb9837f4b1b78e5a4ad9642d?s=128&#038;d=mm&#038;r=g' srcset='https:\/\/secure.gravatar.com\/avatar\/7e6078c1973b83dc5e6fb39412b3c82e3652df9fcb9837f4b1b78e5a4ad9642d?s=256&#038;d=mm&#038;r=g 2x' class='avatar avatar-128 photo' height='128' width='128' \/>\t\t<\/div>\n\t\t\t\t<div class=\"elementor-post__text\">\n\t\t\t\t<h3 class=\"elementor-post__title\">\n\t\t\t<a href=\"https:\/\/karibstyle.fr\/?p=1\" >\n\t\t\t\tStage 2026 \u2014 Course de Galop\t\t\t<\/a>\n\t\t<\/h3>\n\t\t\n\t\t<a class=\"elementor-post__read-more\" href=\"https:\/\/karibstyle.fr\/?p=1\" aria-label=\"En savoir plus sur Stage 2026 \u2014 Course de Galop\" tabindex=\"-1\" >\n\t\t\tLire la suite \u00bb\t\t<\/a>\n\n\t\t\t\t<\/div>\n\t\t\t\t<div class=\"elementor-post__meta-data\">\n\t\t\t\t\t<span class=\"elementor-post-date\">\n\t\t\t13 avril 2026\t\t<\/span>\n\t\t\t\t<span class=\"elementor-post-avatar\">\n\t\t\tUn commentaire\t\t<\/span>\n\t\t\t\t<\/div>\n\t\t\t\t\t<\/div>\n\t\t<\/article>\n\t\t\t\t<\/div>\n\t\t\n\t\t\t\t\t\t<\/div>\n\t\t\t\t<\/div>\n\t\t\t\t<div class=\"elementor-element elementor-element-85d5064 elementor-widget-divider--view-line elementor-widget elementor-widget-divider\" data-id=\"85d5064\" data-element_type=\"widget\" data-e-type=\"widget\" data-widget_type=\"divider.default\">\n\t\t\t\t\t\t\t<div class=\"elementor-divider\">\n\t\t\t<span class=\"elementor-divider-separator\">\n\t\t\t\t\t\t<\/span>\n\t\t<\/div>\n\t\t\t\t\t\t<\/div>\n\t\t\t\t\t<\/div>\n\t\t\t\t<\/div>\n\t\t<div class=\"elementor-element elementor-element-6fbf781 e-flex e-con-boxed e-con e-parent\" data-id=\"6fbf781\" data-element_type=\"container\" data-e-type=\"container\">\n\t\t\t\t\t<div class=\"e-con-inner\">\n\t\t<div class=\"elementor-element elementor-element-4459835 e-con-full e-flex e-con e-child\" data-id=\"4459835\" data-element_type=\"container\" data-e-type=\"container\">\n\t\t\t\t<div class=\"elementor-element elementor-element-94c8ed8 elementor-widget elementor-widget-html\" data-id=\"94c8ed8\" data-element_type=\"widget\" data-e-type=\"widget\" data-widget_type=\"html.default\">\n\t\t\t\t\t<span class=\"pmh-section-tag\">Notre histoire<\/span>\r\n<h2 style=\"font-size:48px;margin-bottom:24px\">Depuis 1962<br>en <em>Guadeloupe<\/em><\/h2>\r\n<p style=\"color:#c0d4c8;font-size:15px;line-height:1.9;margin-bottom:16px\">\r\nFond\u00e9 en 1962 par Michel Jacoby-Koaly, l'hippodrome Saint-Jacques est le c\u0153ur battant de la fili\u00e8re \u00e9quine guadeloup\u00e9enne.\r\n<\/p>\r\n<p style=\"color:#c0d4c8;font-size:15px;line-height:1.9;margin-bottom:32px\">\r\nAcquis par la R\u00e9gion Guadeloupe en 1990, il entre dans une nouvelle \u00e8re avec l'inauguration du P\u00f4le Hippique Polyvalent en d\u00e9cembre 2025, avec l'ambition de rayonner dans toute la Cara\u00efbe.\r\n<\/p>\r\n<a href=\"\/visite\" class=\"pmh-btn-outline\">D\u00e9couvrir le site \u2192<\/a>\t\t\t\t<\/div>\n\t\t\t\t<\/div>\n\t\t<div class=\"elementor-element elementor-element-e17b8fd e-con-full e-flex e-con e-child\" data-id=\"e17b8fd\" data-element_type=\"container\" data-e-type=\"container\">\n\t\t\t\t<div class=\"elementor-element elementor-element-c6c38e2 elementor-widget elementor-widget-html\" data-id=\"c6c38e2\" data-element_type=\"widget\" data-e-type=\"widget\" data-widget_type=\"html.default\">\n\t\t\t\t\t<div class=\"pmh-stats-grid\">\r\n  <div class=\"pmh-stat-box\">\r\n    <div class=\"pmh-stat-num\">1962<\/div>\r\n    <div class=\"pmh-stat-label\">Fondation<\/div>\r\n  <\/div>\r\n  <div class=\"pmh-stat-box\">\r\n    <div class=\"pmh-stat-num\">1 200m<\/div>\r\n    <div class=\"pmh-stat-label\">Piste en herbe<\/div>\r\n  <\/div>\r\n  <div class=\"pmh-stat-box\">\r\n    <div class=\"pmh-stat-num\">PMH<\/div>\r\n    <div class=\"pmh-stat-label\">Homologu\u00e9 France Galop<\/div>\r\n  <\/div>\r\n  <div class=\"pmh-stat-box\">\r\n    <div class=\"pmh-stat-num\">D\u00e9c\u2013Ao\u00fbt<\/div>\r\n    <div class=\"pmh-stat-label\">Saison des courses<\/div>\r\n  <\/div>\r\n<\/div>\t\t\t\t<\/div>\n\t\t\t\t<\/div>\n\t\t\t\t\t<\/div>\n\t\t\t\t<\/div>\n\t\t\t\t<\/div>\n\t\t","protected":false},"excerpt":{"rendered":"","protected":false},"author":1,"featured_media":0,"parent":0,"menu_order":0,"comment_status":"open","ping_status":"closed","template":"elementor_header_footer","meta":{"footnotes":""},"class_list":["post-13","page","type-page","status-publish","hentry"],"_hostinger_reach_plugin_has_subscription_block":false,"_hostinger_reach_plugin_is_elementor":false,"_links":{"self":[{"href":"https:\/\/karibstyle.fr\/index.php?rest_route=\/wp\/v2\/pages\/13","targetHints":{"allow":["GET"]}}],"collection":[{"href":"https:\/\/karibstyle.fr\/index.php?rest_route=\/wp\/v2\/pages"}],"about":[{"href":"https:\/\/karibstyle.fr\/index.php?rest_route=\/wp\/v2\/types\/page"}],"author":[{"embeddable":true,"href":"https:\/\/karibstyle.fr\/index.php?rest_route=\/wp\/v2\/users\/1"}],"replies":[{"embeddable":true,"href":"https:\/\/karibstyle.fr\/index.php?rest_route=%2Fwp%2Fv2%2Fcomments&post=13"}],"version-history":[{"count":49,"href":"https:\/\/karibstyle.fr\/index.php?rest_route=\/wp\/v2\/pages\/13\/revisions"}],"predecessor-version":[{"id":122,"href":"https:\/\/karibstyle.fr\/index.php?rest_route=\/wp\/v2\/pages\/13\/revisions\/122"}],"wp:attachment":[{"href":"https:\/\/karibstyle.fr\/index.php?rest_route=%2Fwp%2Fv2%2Fmedia&parent=13"}],"curies":[{"name":"wp","href":"https:\/\/api.w.org\/{rel}","templated":true}]}}